{"id":786,"date":"2025-11-01T16:08:03","date_gmt":"2025-11-01T16:08:03","guid":{"rendered":"https:\/\/goldenhorsetour.com\/unsere-neuigkeiten\/"},"modified":"2025-11-01T16:08:03","modified_gmt":"2025-11-01T16:08:03","slug":"unsere-neuigkeiten","status":"publish","type":"page","link":"https:\/\/goldenhorsetour.com\/de\/unsere-neuigkeiten\/","title":{"rendered":"Unsere Neuigkeiten"},"content":{"rendered":"\t\t<div data-elementor-type=\"wp-page\" data-elementor-id=\"786\" class=\"elementor elementor-786 elementor-19\" data-elementor-post-type=\"page\">\n\t\t\t\t<div class=\"elementor-element elementor-element-c9a6969 e-con-full e-flex e-con e-parent\" data-id=\"c9a6969\" data-element_type=\"container\" data-e-type=\"container\" data-settings=\"{&quot;background_background&quot;:&quot;classic&quot;}\">\n\t\t\t\t<\/div>\n\t\t<div class=\"elementor-element elementor-element-2689ffe e-flex e-con-boxed e-con e-parent\" data-id=\"2689ffe\" data-element_type=\"container\" data-e-type=\"container\">\n\t\t\t\t\t<div class=\"e-con-inner\">\n\t\t<div class=\"elementor-element elementor-element-e39c40c e-flex e-con-boxed e-con e-child\" data-id=\"e39c40c\" data-element_type=\"container\" data-e-type=\"container\">\n\t\t\t\t\t<div class=\"e-con-inner\">\n\t\t\t\t<div class=\"elementor-element elementor-element-c9db139 elementor-widget elementor-widget-elementskit-blog-posts\" data-id=\"c9db139\" data-element_type=\"widget\" data-e-type=\"widget\" data-widget_type=\"elementskit-blog-posts.default\">\n\t\t\t\t\t<div class=\"ekit-wid-con\" >        <div id=\"post-items--c9db139\" class=\"row post-items\">\n                    <div class=\"col-md-12\">\n\n                                    <div class=\"elementskit-blog-block-post\">\n                        <div class=\"row no-gutters\">\n                                                            <div class=\"col-md-6 order-1\">\n                                    <a href=\"https:\/\/goldenhorsetour.com\/de\/der-zauber-des-reitens-bei-sonnenaufgang\/\" class=\"elementskit-entry-thumb\">\n                                        <img decoding=\"async\" src=\"https:\/\/goldenhorsetour.com\/wp-content\/uploads\/2025\/10\/WhatsApp-Image-2025-10-31-at-2.04.58-PM-2-1024x682.jpeg\" alt=\"Der Zauber des Reitens bei Sonnenaufgang\">\n                                    <\/a><!-- .elementskit-entry-thumb END -->\n                                <\/div>\n                            \n                            <div class=\"col-md-6 order-2\">\n                                <div class=\"elementskit-post-body \">\n                                    <div class=\"elementskit-entry-header\">\n                                        \n                                                                                            \t\t\t\t\t                                            \n                                            \n                                                                                            \t\t\t\t<h2 class=\"entry-title\">\n\t\t\t\t\t<a href=\"https:\/\/goldenhorsetour.com\/de\/der-zauber-des-reitens-bei-sonnenaufgang\/\">\n\t\t\t\t\t\tDer Zauber des Reitens bei Sonnenaufgang\t\t\t\t\t<\/a>\n\t\t\t\t<\/h2>\n\t\t\t                                                                                <\/div><!-- .elementskit-entry-header END -->\n\n                                                                            <div class=\"elementskit-post-footer\">\n                                                                                            <p>Es ist ein ganz besonderes Erlebnis, den Sonnenaufgang beim Reiten am Meer zu beobachten. Die k\u00fchle Morgenluft, das Rauschen der Wellen und die ruhige Energie der Pferde schaffen einen perfekten Start in den Tag. Ein Ausritt im Sonnenaufgang ist mehr als nur ein Ausflug \u2013 er ist eine friedvolle Auszeit, die K\u00f6rper und Geist erfrischt.<\/p>\n                                                                                                                                <\/div><!-- .elementskit-post-footer END -->\n                                                                    <\/div><!-- .elementskit-post-body END -->\n                            <\/div>\n                        <\/div>\n                    <\/div><!-- .elementskit-blog-block-post .radius .gradient-bg END -->\n                \n            <\/div>\n                    <div class=\"col-md-12\">\n\n                                    <div class=\"elementskit-blog-block-post\">\n                        <div class=\"row no-gutters\">\n                                                            <div class=\"col-md-6 order-1\">\n                                    <a href=\"https:\/\/goldenhorsetour.com\/de\/warum-fahrten-bei-sonnenuntergang-unvergesslich-sind\/\" class=\"elementskit-entry-thumb\">\n                                        <img decoding=\"async\" src=\"https:\/\/goldenhorsetour.com\/wp-content\/uploads\/2025\/10\/boot-in-stirrup-equestrian-horse-animals-farm-spor-3-1024x682.webp\" alt=\"Warum Fahrten bei Sonnenuntergang unvergesslich sind\">\n                                    <\/a><!-- .elementskit-entry-thumb END -->\n                                <\/div>\n                            \n                            <div class=\"col-md-6 order-2\">\n                                <div class=\"elementskit-post-body \">\n                                    <div class=\"elementskit-entry-header\">\n                                        \n                                                                                            \t\t\t\t\t                                            \n                                            \n                                                                                            \t\t\t\t<h2 class=\"entry-title\">\n\t\t\t\t\t<a href=\"https:\/\/goldenhorsetour.com\/de\/warum-fahrten-bei-sonnenuntergang-unvergesslich-sind\/\">\n\t\t\t\t\t\tWarum Fahrten bei Sonnenuntergang unvergesslich sind\t\t\t\t\t<\/a>\n\t\t\t\t<\/h2>\n\t\t\t                                                                                <\/div><!-- .elementskit-entry-header END -->\n\n                                                                            <div class=\"elementskit-post-footer\">\n                                                                                            <p>Wenn der Himmel golden leuchtet und die Sonne untergeht, scheint die Welt stillzustehen. In diesem Moment am Strand entlangzufahren, ist ein magisches Erlebnis \u2013 die perfekte Mischung aus Sch\u00f6nheit, Ruhe und Verbundenheit mit der Natur. Eine Fahrt im Sonnenuntergang ist mehr als nur eine Gelegenheit f\u00fcr ein Erinnerungsfoto; es ist eine Erinnerung, die man f\u00fcr [&hellip;]<\/p>\n                                                                                                                                <\/div><!-- .elementskit-post-footer END -->\n                                                                    <\/div><!-- .elementskit-post-body END -->\n                            <\/div>\n                        <\/div>\n                    <\/div><!-- .elementskit-blog-block-post .radius .gradient-bg END -->\n                \n            <\/div>\n                    <div class=\"col-md-12\">\n\n                                    <div class=\"elementskit-blog-block-post\">\n                        <div class=\"row no-gutters\">\n                                                            <div class=\"col-md-6 order-1\">\n                                    <a href=\"https:\/\/goldenhorsetour.com\/de\/schwimmen-mit-pferden-ein-einzigartiges-abenteuer\/\" class=\"elementskit-entry-thumb\">\n                                        <img decoding=\"async\" src=\"https:\/\/goldenhorsetour.com\/wp-content\/uploads\/2025\/10\/WhatsApp-Image-2025-10-31-at-2.03.36-PM-1-1-1024x682.jpeg\" alt=\"Schwimmen mit Pferden \u2013 Ein einzigartiges Abenteuer\">\n                                    <\/a><!-- .elementskit-entry-thumb END -->\n                                <\/div>\n                            \n                            <div class=\"col-md-6 order-2\">\n                                <div class=\"elementskit-post-body \">\n                                    <div class=\"elementskit-entry-header\">\n                                        \n                                                                                            \t\t\t\t\t                                            \n                                            \n                                                                                            \t\t\t\t<h2 class=\"entry-title\">\n\t\t\t\t\t<a href=\"https:\/\/goldenhorsetour.com\/de\/schwimmen-mit-pferden-ein-einzigartiges-abenteuer\/\">\n\t\t\t\t\t\tSchwimmen mit Pferden \u2013 Ein einzigartiges Abenteuer\t\t\t\t\t<\/a>\n\t\t\t\t<\/h2>\n\t\t\t                                                                                <\/div><!-- .elementskit-entry-header END -->\n\n                                                                            <div class=\"elementskit-post-footer\">\n                                                                                            <p>Schwimmen mit Pferden ist eines der aufregendsten Erlebnisse, die man in \u00c4gypten haben kann. Es ist sicher, erfrischend und macht riesigen Spa\u00df! Sp\u00fcre die Verbundenheit zu deinem Pferd, w\u00e4hrend ihr gemeinsam durch die sanften Wellen gleitet \u2013 Freiheit, Freude und Abenteuer in einem.<\/p>\n                                                                                                                                <\/div><!-- .elementskit-post-footer END -->\n                                                                    <\/div><!-- .elementskit-post-body END -->\n                            <\/div>\n                        <\/div>\n                    <\/div><!-- .elementskit-blog-block-post .radius .gradient-bg END -->\n                \n            <\/div>\n                <\/div>\n       <\/div>\t\t\t\t<\/div>\n\t\t\t\t\t<\/div>\n\t\t\t\t<\/div>\n\t\t\t\t\t<\/div>\n\t\t\t\t<\/div>\n\t\t\t\t<\/div>\n\t\t","protected":false},"excerpt":{"rendered":"<p>Swimming with Horses\u2014 A Unique Adventure Swimming with horses is one of the most exciting experiences you can have in Egypt. It\u2019s safe, refreshing, and full of fun! Feel the bond with your horse as you both move through the gentle waves \u2014 it\u2019s freedom, joy, and adventure all in one moment. Why Sunset Rides [&hellip;]<\/p>\n","protected":false},"author":2,"featured_media":0,"parent":0,"menu_order":0,"comment_status":"closed","ping_status":"closed","template":"elementor_header_footer","meta":{"footnotes":""},"class_list":["post-786","page","type-page","status-publish","hentry"],"_hostinger_reach_plugin_has_subscription_block":false,"_hostinger_reach_plugin_is_elementor":false,"_links":{"self":[{"href":"https:\/\/goldenhorsetour.com\/de\/wp-json\/wp\/v2\/pages\/786","targetHints":{"allow":["GET"]}}],"collection":[{"href":"https:\/\/goldenhorsetour.com\/de\/wp-json\/wp\/v2\/pages"}],"about":[{"href":"https:\/\/goldenhorsetour.com\/de\/wp-json\/wp\/v2\/types\/page"}],"author":[{"embeddable":true,"href":"https:\/\/goldenhorsetour.com\/de\/wp-json\/wp\/v2\/users\/2"}],"replies":[{"embeddable":true,"href":"https:\/\/goldenhorsetour.com\/de\/wp-json\/wp\/v2\/comments?post=786"}],"version-history":[{"count":1,"href":"https:\/\/goldenhorsetour.com\/de\/wp-json\/wp\/v2\/pages\/786\/revisions"}],"predecessor-version":[{"id":787,"href":"https:\/\/goldenhorsetour.com\/de\/wp-json\/wp\/v2\/pages\/786\/revisions\/787"}],"wp:attachment":[{"href":"https:\/\/goldenhorsetour.com\/de\/wp-json\/wp\/v2\/media?parent=786"}],"curies":[{"name":"wp","href":"https:\/\/api.w.org\/{rel}","templated":true}]}}