{"id":790,"date":"2025-11-01T16:11:53","date_gmt":"2025-11-01T16:11:53","guid":{"rendered":"https:\/\/goldenhorsetour.com\/kamelritt\/"},"modified":"2025-11-01T16:11:53","modified_gmt":"2025-11-01T16:11:53","slug":"kamelritt","status":"publish","type":"page","link":"https:\/\/goldenhorsetour.com\/de\/kamelritt\/","title":{"rendered":"Kamelritt"},"content":{"rendered":"\t\t<div data-elementor-type=\"wp-page\" data-elementor-id=\"790\" class=\"elementor elementor-790 elementor-266\" data-elementor-post-type=\"page\">\n\t\t\t\t<div class=\"elementor-element elementor-element-3a3a0882 e-con-full e-flex e-con e-parent\" data-id=\"3a3a0882\" data-element_type=\"container\" data-e-type=\"container\" data-settings=\"{&quot;background_background&quot;:&quot;classic&quot;}\">\n\t\t\t\t<\/div>\n\t\t<div class=\"elementor-element elementor-element-1e19a374 e-flex e-con-boxed e-con e-parent\" data-id=\"1e19a374\" data-element_type=\"container\" data-e-type=\"container\" data-settings=\"{&quot;background_background&quot;:&quot;classic&quot;}\">\n\t\t\t\t\t<div class=\"e-con-inner\">\n\t\t<div class=\"elementor-element elementor-element-5159f8b5 e-con-full e-flex e-con e-child\" data-id=\"5159f8b5\" data-element_type=\"container\" data-e-type=\"container\">\n\t\t\t\t<div class=\"elementor-element elementor-element-561ee238 elementor-widget elementor-widget-image\" data-id=\"561ee238\" data-element_type=\"widget\" data-e-type=\"widget\" data-widget_type=\"image.default\">\n\t\t\t\t\t\t\t\t\t\t\t\t\t\t\t<img fetchpriority=\"high\" decoding=\"async\" width=\"864\" height=\"1296\" src=\"https:\/\/goldenhorsetour.com\/wp-content\/uploads\/2025\/10\/WhatsApp-Image-2025-10-31-at-2.04.58-PM.jpeg\" class=\"attachment-full size-full wp-image-526\" alt=\"balade chameau hurghada\" srcset=\"https:\/\/goldenhorsetour.com\/wp-content\/uploads\/2025\/10\/WhatsApp-Image-2025-10-31-at-2.04.58-PM.jpeg 864w, https:\/\/goldenhorsetour.com\/wp-content\/uploads\/2025\/10\/WhatsApp-Image-2025-10-31-at-2.04.58-PM-200x300.jpeg 200w, https:\/\/goldenhorsetour.com\/wp-content\/uploads\/2025\/10\/WhatsApp-Image-2025-10-31-at-2.04.58-PM-683x1024.jpeg 683w, https:\/\/goldenhorsetour.com\/wp-content\/uploads\/2025\/10\/WhatsApp-Image-2025-10-31-at-2.04.58-PM-768x1152.jpeg 768w\" sizes=\"(max-width: 864px) 100vw, 864px\" \/>\t\t\t\t\t\t\t\t\t\t\t\t\t\t\t<\/div>\n\t\t\t\t<\/div>\n\t\t<div class=\"elementor-element elementor-element-558d4847 e-con-full animated-slow e-flex elementor-invisible e-con e-child\" data-id=\"558d4847\" data-element_type=\"container\" data-e-type=\"container\" data-settings=\"{&quot;animation&quot;:&quot;fadeInLeft&quot;,&quot;animation_delay&quot;:300}\">\n\t\t\t\t<div class=\"elementor-element elementor-element-62bafd3f elementor-widget elementor-widget-heading\" data-id=\"62bafd3f\" data-element_type=\"widget\" data-e-type=\"widget\" data-widget_type=\"heading.default\">\n\t\t\t\t\t<h6 class=\"elementor-heading-title elementor-size-default\">Golden Horse<\/h6>\t\t\t\t<\/div>\n\t\t\t\t<div class=\"elementor-element elementor-element-2154ad52 elementor-widget elementor-widget-heading\" data-id=\"2154ad52\" data-element_type=\"widget\" data-e-type=\"widget\" data-widget_type=\"heading.default\">\n\t\t\t\t\t<div class=\"elementor-heading-title elementor-size-default\">Reisen Sie zur\u00fcck in die Vergangenheit und erkunden Sie die W\u00fcste auf traditionelle Weise \u2013 hoch zu Ross! Unser Kamelritt f\u00fchrt Sie auf eine friedvolle Reise durch goldene Sandd\u00fcnen und atemberaubende W\u00fcstenlandschaften. Sp\u00fcren Sie den Rhythmus der W\u00fcstenbrise, machen Sie unvergessliche Fotos und entdecken Sie die zeitlose Sch\u00f6nheit \u00c4gyptens aus einer v\u00f6llig neuen Perspektive. Ob Sie zum ersten Mal dabei sind oder bereits ein wiederkehrendes Abenteuer erleben m\u00f6chten \u2013 diese Reise verspricht eine Mischung aus Spa\u00df, Kultur und unvergesslichen Erinnerungen.<\/div>\t\t\t\t<\/div>\n\t\t<div class=\"elementor-element elementor-element-3fb09ff7 e-flex e-con-boxed e-con e-child\" data-id=\"3fb09ff7\" data-element_type=\"container\" data-e-type=\"container\">\n\t\t\t\t\t<div class=\"e-con-inner\">\n\t\t\t\t<div class=\"elementor-element elementor-element-2fc39078 elementor-mobile-align-center elementor-widget-mobile__width-initial elementor-tablet-align-left elementor-widget-tablet__width-initial elementor-widget elementor-widget-button\" data-id=\"2fc39078\" data-element_type=\"widget\" data-e-type=\"widget\" data-widget_type=\"button.default\">\n\t\t\t\t\t\t\t\t\t\t<a class=\"elementor-button elementor-button-link elementor-size-sm\" href=\"https:\/\/goldenhorsetour.com\/de\/kontaktieren-sie-uns\/\">\n\t\t\t\t\t\t<span class=\"elementor-button-content-wrapper\">\n\t\t\t\t\t\t\t\t\t<span class=\"elementor-button-text\">Jetzt bestellen<\/span>\n\t\t\t\t\t<\/span>\n\t\t\t\t\t<\/a>\n\t\t\t\t\t\t\t\t<\/div>\n\t\t\t\t\t<\/div>\n\t\t\t\t<\/div>\n\t\t\t\t<\/div>\n\t\t\t\t\t<\/div>\n\t\t\t\t<\/div>\n\t\t<div class=\"elementor-element elementor-element-1944bbfa e-flex e-con-boxed e-con e-parent\" data-id=\"1944bbfa\" data-element_type=\"container\" data-e-type=\"container\" data-settings=\"{&quot;background_background&quot;:&quot;classic&quot;}\">\n\t\t\t\t\t<div class=\"e-con-inner\">\n\t\t<div class=\"elementor-element elementor-element-22133382 e-flex e-con-boxed e-con e-child\" data-id=\"22133382\" data-element_type=\"container\" data-e-type=\"container\">\n\t\t\t\t\t<div class=\"e-con-inner\">\n\t\t\t\t<div class=\"elementor-element elementor-element-53ed37be elementor-widget elementor-widget-heading\" data-id=\"53ed37be\" data-element_type=\"widget\" data-e-type=\"widget\" data-widget_type=\"heading.default\">\n\t\t\t\t\t<h2 class=\"elementor-heading-title elementor-size-default\">Nehmen Sie Kontakt auf<\/h2>\t\t\t\t<\/div>\n\t\t\t\t<div class=\"elementor-element elementor-element-36b4414f elementor-widget elementor-widget-text-editor\" data-id=\"36b4414f\" data-element_type=\"widget\" data-e-type=\"widget\" data-widget_type=\"text-editor.default\">\n\t\t\t\t\t\t\t\t\t<p>Wir helfen Ihnen jederzeit gerne bei der Planung Ihres n\u00e4chsten Abenteuers! Ob Sie Fragen haben, eine Reise buchen m\u00f6chten oder weitere Informationen zu unseren Angeboten ben\u00f6tigen \u2013 z\u00f6gern Sie nicht, uns zu kontaktieren. Unser Team unterst\u00fctzt Sie jederzeit gerne.<\/p>\n\t\t\t\t\t\t\t\t<\/div>\n\t\t\t\t<div class=\"elementor-element elementor-element-390b50b4 elementor-align-center elementor-widget elementor-widget-button\" data-id=\"390b50b4\" data-element_type=\"widget\" data-e-type=\"widget\" data-widget_type=\"button.default\">\n\t\t\t\t\t\t\t\t\t\t<a class=\"elementor-button elementor-button-link elementor-size-sm\" href=\"https:\/\/goldenhorsetour.com\/de\/kontaktieren-sie-uns\/\">\n\t\t\t\t\t\t<span class=\"elementor-button-content-wrapper\">\n\t\t\t\t\t\t\t\t\t<span class=\"elementor-button-text\">Kontaktieren Sie uns<\/span>\n\t\t\t\t\t<\/span>\n\t\t\t\t\t<\/a>\n\t\t\t\t\t\t\t\t<\/div>\n\t\t\t\t\t<\/div>\n\t\t\t\t<\/div>\n\t\t\t\t\t<\/div>\n\t\t\t\t<\/div>\n\t\t<div class=\"elementor-element elementor-element-3e03dc81 e-flex e-con-boxed e-con e-parent\" data-id=\"3e03dc81\" data-element_type=\"container\" data-e-type=\"container\">\n\t\t\t\t\t<div class=\"e-con-inner\">\n\t\t<div class=\"elementor-element elementor-element-447c844b e-con-full e-flex e-con e-child\" data-id=\"447c844b\" data-element_type=\"container\" data-e-type=\"container\">\n\t\t\t\t<div class=\"elementor-element elementor-element-37c78b07 elementor-widget elementor-widget-heading\" data-id=\"37c78b07\" data-element_type=\"widget\" data-e-type=\"widget\" data-widget_type=\"heading.default\">\n\t\t\t\t\t<h6 class=\"elementor-heading-title elementor-size-default\">Golden Horse<\/h6>\t\t\t\t<\/div>\n\t\t\t\t<div class=\"elementor-element elementor-element-22c19c31 elementor-widget elementor-widget-heading\" data-id=\"22c19c31\" data-element_type=\"widget\" data-e-type=\"widget\" data-widget_type=\"heading.default\">\n\t\t\t\t\t<h2 class=\"elementor-heading-title elementor-size-default\">Abenteuer momente<\/h2>\t\t\t\t<\/div>\n\t\t\t\t<div class=\"elementor-element elementor-element-6e0725b7 elementor-widget__width-initial elementor-widget elementor-widget-text-editor\" data-id=\"6e0725b7\" data-element_type=\"widget\" data-e-type=\"widget\" data-widget_type=\"text-editor.default\">\n\t\t\t\t\t\t\t\t\t<p>Entdecken Sie unsere Galerie und erleben Sie den Zauber jeder Fahrt neu \u2013 von Sonnenaufgangsszenen \u00fcber spritzende Meereswirbel bis hin zu W\u00fcstentouren.<\/p>\n\t\t\t\t\t\t\t\t<\/div>\n\t\t\t\t<\/div>\n\t\t<div class=\"elementor-element elementor-element-3d6bd165 e-flex e-con-boxed e-con e-child\" data-id=\"3d6bd165\" data-element_type=\"container\" data-e-type=\"container\">\n\t\t\t\t\t<div class=\"e-con-inner\">\n\t\t\t\t<div class=\"elementor-element elementor-element-45f7c26d elementor-arrows-position-inside elementor-pagination-position-outside elementor-widget elementor-widget-image-carousel\" data-id=\"45f7c26d\" data-element_type=\"widget\" data-e-type=\"widget\" data-settings=\"{&quot;slides_to_show&quot;:&quot;4&quot;,&quot;navigation&quot;:&quot;both&quot;,&quot;autoplay&quot;:&quot;yes&quot;,&quot;pause_on_hover&quot;:&quot;yes&quot;,&quot;pause_on_interaction&quot;:&quot;yes&quot;,&quot;autoplay_speed&quot;:5000,&quot;infinite&quot;:&quot;yes&quot;,&quot;speed&quot;:500}\" data-widget_type=\"image-carousel.default\">\n\t\t\t\t\t\t\t<div class=\"elementor-image-carousel-wrapper swiper\" role=\"region\" aria-roledescription=\"carousel\" aria-label=\"Image Carousel\" dir=\"ltr\">\n\t\t\t<div class=\"elementor-image-carousel swiper-wrapper\" aria-live=\"off\">\n\t\t\t\t\t\t\t\t<div class=\"swiper-slide\" role=\"group\" aria-roledescription=\"slide\" aria-label=\"1 von 8\"><figure class=\"swiper-slide-inner\"><img decoding=\"async\" class=\"swiper-slide-image\" src=\"https:\/\/goldenhorsetour.com\/wp-content\/uploads\/2025\/10\/WhatsApp-Image-2025-10-31-at-2.05.01-PM-150x150.jpeg\" alt=\"WhatsApp Image 2025-10-31 at 2.05.01 PM\" \/><\/figure><\/div><div class=\"swiper-slide\" role=\"group\" aria-roledescription=\"slide\" aria-label=\"2 von 8\"><figure class=\"swiper-slide-inner\"><img decoding=\"async\" class=\"swiper-slide-image\" src=\"https:\/\/goldenhorsetour.com\/wp-content\/uploads\/2025\/10\/WhatsApp-Image-2025-10-31-at-2.04.53-PM-1-150x150.jpeg\" alt=\"balade chameau hurghada\" \/><\/figure><\/div><div class=\"swiper-slide\" role=\"group\" aria-roledescription=\"slide\" aria-label=\"3 von 8\"><figure class=\"swiper-slide-inner\"><img decoding=\"async\" class=\"swiper-slide-image\" src=\"https:\/\/goldenhorsetour.com\/wp-content\/uploads\/2025\/10\/WhatsApp-Image-2025-10-31-at-2.04.53-PM-2-150x150.jpeg\" alt=\"WhatsApp Image 2025-10-31 at 2.04.53 PM (2)\" \/><\/figure><\/div><div class=\"swiper-slide\" role=\"group\" aria-roledescription=\"slide\" aria-label=\"4 von 8\"><figure class=\"swiper-slide-inner\"><img decoding=\"async\" class=\"swiper-slide-image\" src=\"https:\/\/goldenhorsetour.com\/wp-content\/uploads\/2025\/10\/WhatsApp-Image-2025-10-31-at-2.04.57-PM-150x150.jpeg\" alt=\"WhatsApp Image 2025-10-31 at 2.04.57 PM\" \/><\/figure><\/div><div class=\"swiper-slide\" role=\"group\" aria-roledescription=\"slide\" aria-label=\"5 von 8\"><figure class=\"swiper-slide-inner\"><img decoding=\"async\" class=\"swiper-slide-image\" src=\"https:\/\/goldenhorsetour.com\/wp-content\/uploads\/2025\/10\/WhatsApp-Image-2025-10-31-at-2.04.58-PM-150x150.jpeg\" alt=\"balade chameau hurghada\" \/><\/figure><\/div><div class=\"swiper-slide\" role=\"group\" aria-roledescription=\"slide\" aria-label=\"6 von 8\"><figure class=\"swiper-slide-inner\"><img decoding=\"async\" class=\"swiper-slide-image\" src=\"https:\/\/goldenhorsetour.com\/wp-content\/uploads\/2025\/10\/WhatsApp-Image-2025-10-31-at-2.04.58-PM-1-150x150.jpeg\" alt=\"WhatsApp Image 2025-10-31 at 2.04.58 PM (1)\" \/><\/figure><\/div><div class=\"swiper-slide\" role=\"group\" aria-roledescription=\"slide\" aria-label=\"7 von 8\"><figure class=\"swiper-slide-inner\"><img decoding=\"async\" class=\"swiper-slide-image\" src=\"https:\/\/goldenhorsetour.com\/wp-content\/uploads\/2025\/10\/WhatsApp-Image-2025-10-31-at-2.04.58-PM-2-150x150.jpeg\" alt=\"balade chameau hurghada\" \/><\/figure><\/div><div class=\"swiper-slide\" role=\"group\" aria-roledescription=\"slide\" aria-label=\"8 von 8\"><figure class=\"swiper-slide-inner\"><img decoding=\"async\" class=\"swiper-slide-image\" src=\"https:\/\/goldenhorsetour.com\/wp-content\/uploads\/2025\/10\/WhatsApp-Image-2025-10-31-at-2.05.01-PM-150x150.jpeg\" alt=\"WhatsApp Image 2025-10-31 at 2.05.01 PM\" \/><\/figure><\/div>\t\t\t<\/div>\n\t\t\t\t\t\t\t\t\t\t\t\t<div class=\"elementor-swiper-button elementor-swiper-button-prev\" role=\"button\" tabindex=\"0\">\n\t\t\t\t\t\t<svg aria-hidden=\"true\" class=\"e-font-icon-svg e-eicon-chevron-left\" viewBox=\"0 0 1000 1000\" xmlns=\"http:\/\/www.w3.org\/2000\/svg\"><path d=\"M646 125C629 125 613 133 604 142L308 442C296 454 292 471 292 487 292 504 296 521 308 533L604 854C617 867 629 875 646 875 663 875 679 871 692 858 704 846 713 829 713 812 713 796 708 779 692 767L438 487 692 225C700 217 708 204 708 187 708 171 704 154 692 142 675 129 663 125 646 125Z\"><\/path><\/svg>\t\t\t\t\t<\/div>\n\t\t\t\t\t<div class=\"elementor-swiper-button elementor-swiper-button-next\" role=\"button\" tabindex=\"0\">\n\t\t\t\t\t\t<svg aria-hidden=\"true\" class=\"e-font-icon-svg e-eicon-chevron-right\" viewBox=\"0 0 1000 1000\" xmlns=\"http:\/\/www.w3.org\/2000\/svg\"><path d=\"M696 533C708 521 713 504 713 487 713 471 708 454 696 446L400 146C388 133 375 125 354 125 338 125 325 129 313 142 300 154 292 171 292 187 292 204 296 221 308 233L563 492 304 771C292 783 288 800 288 817 288 833 296 850 308 863 321 871 338 875 354 875 371 875 388 867 400 854L696 533Z\"><\/path><\/svg>\t\t\t\t\t<\/div>\n\t\t\t\t\n\t\t\t\t\t\t\t\t\t<div class=\"swiper-pagination\"><\/div>\n\t\t\t\t\t\t\t\t\t<\/div>\n\t\t\t\t\t\t<\/div>\n\t\t\t\t\t<\/div>\n\t\t\t\t<\/div>\n\t\t\t\t\t<\/div>\n\t\t\t\t<\/div>\n\t\t\t\t<\/div>\n\t\t","protected":false},"excerpt":{"rendered":"<p>Golden Horse Reisen Sie zur\u00fcck in die Vergangenheit und erkunden Sie die W\u00fcste auf traditionelle Weise \u2013 hoch zu Ross! Unser Kamelritt f\u00fchrt Sie auf eine friedvolle Reise durch goldene Sandd\u00fcnen und atemberaubende W\u00fcstenlandschaften. Sp\u00fcren Sie den Rhythmus der W\u00fcstenbrise, machen Sie unvergessliche Fotos und entdecken Sie die zeitlose Sch\u00f6nheit \u00c4gyptens aus einer v\u00f6llig neuen [&hellip;]<\/p>\n","protected":false},"author":2,"featured_media":0,"parent":0,"menu_order":0,"comment_status":"closed","ping_status":"closed","template":"","meta":{"footnotes":""},"class_list":["post-790","page","type-page","status-publish","hentry"],"_hostinger_reach_plugin_has_subscription_block":false,"_hostinger_reach_plugin_is_elementor":false,"_links":{"self":[{"href":"https:\/\/goldenhorsetour.com\/de\/wp-json\/wp\/v2\/pages\/790","targetHints":{"allow":["GET"]}}],"collection":[{"href":"https:\/\/goldenhorsetour.com\/de\/wp-json\/wp\/v2\/pages"}],"about":[{"href":"https:\/\/goldenhorsetour.com\/de\/wp-json\/wp\/v2\/types\/page"}],"author":[{"embeddable":true,"href":"https:\/\/goldenhorsetour.com\/de\/wp-json\/wp\/v2\/users\/2"}],"replies":[{"embeddable":true,"href":"https:\/\/goldenhorsetour.com\/de\/wp-json\/wp\/v2\/comments?post=790"}],"version-history":[{"count":1,"href":"https:\/\/goldenhorsetour.com\/de\/wp-json\/wp\/v2\/pages\/790\/revisions"}],"predecessor-version":[{"id":791,"href":"https:\/\/goldenhorsetour.com\/de\/wp-json\/wp\/v2\/pages\/790\/revisions\/791"}],"wp:attachment":[{"href":"https:\/\/goldenhorsetour.com\/de\/wp-json\/wp\/v2\/media?parent=790"}],"curies":[{"name":"wp","href":"https:\/\/api.w.org\/{rel}","templated":true}]}}