{"id":697,"date":"2025-11-01T15:03:25","date_gmt":"2025-11-01T15:03:25","guid":{"rendered":"https:\/\/goldenhorsetour.com\/nos-actualites\/"},"modified":"2026-04-22T12:14:44","modified_gmt":"2026-04-22T12:14:44","slug":"nos-actualites","status":"publish","type":"page","link":"https:\/\/goldenhorsetour.com\/fr\/nos-actualites\/","title":{"rendered":"Nos Actualit\u00e9s"},"content":{"rendered":"\t\t<div data-elementor-type=\"wp-page\" data-elementor-id=\"697\" class=\"elementor elementor-697 elementor-19\" data-elementor-post-type=\"page\">\n\t\t\t\t<div class=\"elementor-element elementor-element-c9a6969 e-con-full e-flex e-con e-parent\" data-id=\"c9a6969\" data-element_type=\"container\" data-e-type=\"container\" data-settings=\"{&quot;background_background&quot;:&quot;classic&quot;}\">\n\t\t\t\t<\/div>\n\t\t<div class=\"elementor-element elementor-element-2689ffe e-flex e-con-boxed e-con e-parent\" data-id=\"2689ffe\" data-element_type=\"container\" data-e-type=\"container\">\n\t\t\t\t\t<div class=\"e-con-inner\">\n\t\t<div class=\"elementor-element elementor-element-e39c40c e-flex e-con-boxed e-con e-child\" data-id=\"e39c40c\" data-element_type=\"container\" data-e-type=\"container\">\n\t\t\t\t\t<div class=\"e-con-inner\">\n\t\t\t\t<div class=\"elementor-element elementor-element-c9db139 elementor-widget elementor-widget-elementskit-blog-posts\" data-id=\"c9db139\" data-element_type=\"widget\" data-e-type=\"widget\" data-widget_type=\"elementskit-blog-posts.default\">\n\t\t\t\t\t<div class=\"ekit-wid-con\" >        <div id=\"post-items--c9db139\" class=\"row post-items\">\n                    <div class=\"col-md-12\">\n\n                                    <div class=\"elementskit-blog-block-post\">\n                        <div class=\"row no-gutters\">\n                                                            <div class=\"col-md-6 order-1\">\n                                    <a href=\"https:\/\/goldenhorsetour.com\/fr\/5erreurs-a-eviter-pour-une-experience-parfaite\/\" class=\"elementskit-entry-thumb\">\n                                        <img decoding=\"async\" src=\"https:\/\/goldenhorsetour.com\/wp-content\/uploads\/2026\/04\/5-erreurs-a-eviter-pour-une-experience-parfaite-1024x576.webp\" alt=\"5erreurs \u00e0 \u00e9viter pour une exp\u00e9rience parfaite\">\n                                    <\/a><!-- .elementskit-entry-thumb END -->\n                                <\/div>\n                            \n                            <div class=\"col-md-6 order-2\">\n                                <div class=\"elementskit-post-body \">\n                                    <div class=\"elementskit-entry-header\">\n                                        \n                                                                                            \t\t\t\t\t                                            \n                                            \n                                                                                            \t\t\t\t<h2 class=\"entry-title\">\n\t\t\t\t\t<a href=\"https:\/\/goldenhorsetour.com\/fr\/5erreurs-a-eviter-pour-une-experience-parfaite\/\">\n\t\t\t\t\t\t5erreurs \u00e0 \u00e9viter pour une exp\u00e9rience parfaite\t\t\t\t\t<\/a>\n\t\t\t\t<\/h2>\n\t\t\t                                                                                <\/div><!-- .elementskit-entry-header END -->\n\n                                                                            <div class=\"elementskit-post-footer\">\n                                                                                            <p>La balade \u00e0 cheval Hurghada est l\u2019une des activit\u00e9s touristiques les plus populaires en \u00c9gypte, offrant une exp\u00e9rience unique entre aventure, d\u00e9tente et d\u00e9couverte de paysages exceptionnels entre la mer Rouge et le d\u00e9sert. Bien que cette activit\u00e9 soit accessible et adapt\u00e9e aux d\u00e9butants, certains visiteurs commettent des erreurs simples qui peuvent affecter leur confort, [&hellip;]<\/p>\n                                                                                                                                <\/div><!-- .elementskit-post-footer END -->\n                                                                    <\/div><!-- .elementskit-post-body END -->\n                            <\/div>\n                        <\/div>\n                    <\/div><!-- .elementskit-blog-block-post .radius .gradient-bg END -->\n                \n            <\/div>\n                    <div class=\"col-md-12\">\n\n                                    <div class=\"elementskit-blog-block-post\">\n                        <div class=\"row no-gutters\">\n                                                            <div class=\"col-md-6 order-1\">\n                                    <a href=\"https:\/\/goldenhorsetour.com\/fr\/balade-a-cheval-sur-la-plage-a-hurghada\/\" class=\"elementskit-entry-thumb\">\n                                        <img decoding=\"async\" src=\"https:\/\/goldenhorsetour.com\/wp-content\/uploads\/2026\/04\/Balade-a-cheval-sur-la-plage-a-Hurghada-1024x576.webp\" alt=\"Balade \u00e0 cheval sur la plage \u00e0 Hurghada\">\n                                    <\/a><!-- .elementskit-entry-thumb END -->\n                                <\/div>\n                            \n                            <div class=\"col-md-6 order-2\">\n                                <div class=\"elementskit-post-body \">\n                                    <div class=\"elementskit-entry-header\">\n                                        \n                                                                                            \t\t\t\t\t                                            \n                                            \n                                                                                            \t\t\t\t<h2 class=\"entry-title\">\n\t\t\t\t\t<a href=\"https:\/\/goldenhorsetour.com\/fr\/balade-a-cheval-sur-la-plage-a-hurghada\/\">\n\t\t\t\t\t\tBalade \u00e0 cheval sur la plage \u00e0 Hurghada\t\t\t\t\t<\/a>\n\t\t\t\t<\/h2>\n\t\t\t                                                                                <\/div><!-- .elementskit-entry-header END -->\n\n                                                                            <div class=\"elementskit-post-footer\">\n                                                                                            <p>La balade \u00e0 cheval Hurghada est l\u2019une des activit\u00e9s les plus appr\u00e9ci\u00e9es par les voyageurs en \u00c9gypte, gr\u00e2ce \u00e0 la diversit\u00e9 incroyable des paysages qu\u2019elle offre. Entre la mer Rouge et les vastes \u00e9tendues d\u00e9sertiques, les visiteurs ont souvent le choix entre deux exp\u00e9riences tr\u00e8s diff\u00e9rentes : une balade sur la plage ou une aventure [&hellip;]<\/p>\n                                                                                                                                <\/div><!-- .elementskit-post-footer END -->\n                                                                    <\/div><!-- .elementskit-post-body END -->\n                            <\/div>\n                        <\/div>\n                    <\/div><!-- .elementskit-blog-block-post .radius .gradient-bg END -->\n                \n            <\/div>\n                    <div class=\"col-md-12\">\n\n                                    <div class=\"elementskit-blog-block-post\">\n                        <div class=\"row no-gutters\">\n                                                            <div class=\"col-md-6 order-1\">\n                                    <a href=\"https:\/\/goldenhorsetour.com\/fr\/le-prix-de-la-balade-a-cheval-hurghada\/\" class=\"elementskit-entry-thumb\">\n                                        <img decoding=\"async\" src=\"https:\/\/goldenhorsetour.com\/wp-content\/uploads\/2026\/04\/le-prix-de-la-balade-a-cheval-Hurghada-1024x576.webp\" alt=\"le prix de la balade \u00e0 cheval Hurghada\">\n                                    <\/a><!-- .elementskit-entry-thumb END -->\n                                <\/div>\n                            \n                            <div class=\"col-md-6 order-2\">\n                                <div class=\"elementskit-post-body \">\n                                    <div class=\"elementskit-entry-header\">\n                                        \n                                                                                            \t\t\t\t\t                                            \n                                            \n                                                                                            \t\t\t\t<h2 class=\"entry-title\">\n\t\t\t\t\t<a href=\"https:\/\/goldenhorsetour.com\/fr\/le-prix-de-la-balade-a-cheval-hurghada\/\">\n\t\t\t\t\t\tle prix de la balade \u00e0 cheval Hurghada\t\t\t\t\t<\/a>\n\t\t\t\t<\/h2>\n\t\t\t                                                                                <\/div><!-- .elementskit-entry-header END -->\n\n                                                                            <div class=\"elementskit-post-footer\">\n                                                                                            <p>La balade \u00e0 cheval Hurghada est une activit\u00e9 incontournable pour les voyageurs en \u00c9gypte. Elle offre une exp\u00e9rience unique entre la mer Rouge et le d\u00e9sert, et son prix reste accessible pour la plupart des budgets. Dans cet article, nous vous expliquons en d\u00e9tail les tarifs et ce qui influence le co\u00fbt de cette activit\u00e9. [&hellip;]<\/p>\n                                                                                                                                <\/div><!-- .elementskit-post-footer END -->\n                                                                    <\/div><!-- .elementskit-post-body END -->\n                            <\/div>\n                        <\/div>\n                    <\/div><!-- .elementskit-blog-block-post .radius .gradient-bg END -->\n                \n            <\/div>\n                <\/div>\n       <\/div>\t\t\t\t<\/div>\n\t\t\t\t\t<\/div>\n\t\t\t\t<\/div>\n\t\t\t\t\t<\/div>\n\t\t\t\t<\/div>\n\t\t\t\t<\/div>\n\t\t","protected":false},"excerpt":{"rendered":"<p>Swimming with Horses\u2014 A Unique Adventure Swimming with horses is one of the most exciting experiences you can have in Egypt. It\u2019s safe, refreshing, and full of fun! Feel the bond with your horse as you both move through the gentle waves \u2014 it\u2019s freedom, joy, and adventure all in one moment. Why Sunset Rides [&hellip;]<\/p>\n","protected":false},"author":2,"featured_media":0,"parent":0,"menu_order":0,"comment_status":"closed","ping_status":"closed","template":"elementor_header_footer","meta":{"footnotes":""},"class_list":["post-697","page","type-page","status-publish","hentry"],"_hostinger_reach_plugin_has_subscription_block":false,"_hostinger_reach_plugin_is_elementor":false,"_links":{"self":[{"href":"https:\/\/goldenhorsetour.com\/fr\/wp-json\/wp\/v2\/pages\/697","targetHints":{"allow":["GET"]}}],"collection":[{"href":"https:\/\/goldenhorsetour.com\/fr\/wp-json\/wp\/v2\/pages"}],"about":[{"href":"https:\/\/goldenhorsetour.com\/fr\/wp-json\/wp\/v2\/types\/page"}],"author":[{"embeddable":true,"href":"https:\/\/goldenhorsetour.com\/fr\/wp-json\/wp\/v2\/users\/2"}],"replies":[{"embeddable":true,"href":"https:\/\/goldenhorsetour.com\/fr\/wp-json\/wp\/v2\/comments?post=697"}],"version-history":[{"count":3,"href":"https:\/\/goldenhorsetour.com\/fr\/wp-json\/wp\/v2\/pages\/697\/revisions"}],"predecessor-version":[{"id":1666,"href":"https:\/\/goldenhorsetour.com\/fr\/wp-json\/wp\/v2\/pages\/697\/revisions\/1666"}],"wp:attachment":[{"href":"https:\/\/goldenhorsetour.com\/fr\/wp-json\/wp\/v2\/media?parent=697"}],"curies":[{"name":"wp","href":"https:\/\/api.w.org\/{rel}","templated":true}]}}